{"id":3081,"date":"2020-04-21T15:06:03","date_gmt":"2020-04-21T15:06:03","guid":{"rendered":"http:\/\/glueckssachen.de\/?post_type=product&#038;p=3081"},"modified":"2020-05-05T17:27:56","modified_gmt":"2020-05-05T15:27:56","slug":"the-quick-brown-fox-plakat","status":"publish","type":"product","link":"https:\/\/glueckssachen.de\/index.php\/product\/the-quick-brown-fox-plakat\/","title":{"rendered":"The quick brown fox \u2026 Plakat"},"content":{"rendered":"","protected":false},"excerpt":{"rendered":"<p>Das Typoplakat \u201eThe quick brown fox jumps over the lazy dog\u201c zeigt ein wundersch\u00f6nes Pangramm \u2013 gestaltet mit verschiedenen Schriftschnitten.\u00a0\u201ePangramme\u201c werden oft benutzt um Schriften zu pr\u00e4sentieren, denn diese relativ kurzen S\u00e4tze enthalten jeden Buchstaben des Alphabets. Freunden der Typografie ist dieser Satz sicher schon h\u00e4ufiger begegnet :\u2013)<\/p>\n<p>Gedruckt wurde das im Used-Look gestaltete Plakat auf ein besonderes Papier: igepa, flora meliert creme. Die kleinen Einschl\u00fcsse im Material passen wunderbar zu den \u201eDesign-Kratzern und Rasterpunkten.<\/p>\n<p><span style=\"color: #ec7a5c;\"><strong>WICHTIGE INFO!<\/strong><\/span><br \/>\n<span style=\"color: #ec7a5c;\">Das Plakat wird gefaltet (2 x vertikal und 2 x horizontal)\u00a0verpackt und verschickt. So entstehen nur geringe Portokosten \u2013 und zum Style passt\u00b4s auch.<\/span><\/p>\n<p>Gr\u00f6\u00dfe gefaltet: ca. 17 x 24 cm<br \/>\nGr\u00f6\u00dfe ausgeklappt: 50 x 70 cm<\/p>\n","protected":false},"featured_media":3125,"template":"","meta":[],"product_brand":[],"product_cat":[15],"product_tag":[],"class_list":{"0":"post-3081","1":"product","2":"type-product","3":"status-publish","4":"has-post-thumbnail","6":"product_cat-produkte","8":"first","9":"instock","10":"taxable","11":"shipping-taxable","12":"purchasable","13":"product-type-simple"},"_links":{"self":[{"href":"https:\/\/glueckssachen.de\/index.php\/wp-json\/wp\/v2\/product\/3081","targetHints":{"allow":["GET"]}}],"collection":[{"href":"https:\/\/glueckssachen.de\/index.php\/wp-json\/wp\/v2\/product"}],"about":[{"href":"https:\/\/glueckssachen.de\/index.php\/wp-json\/wp\/v2\/types\/product"}],"wp:featuredmedia":[{"embeddable":true,"href":"https:\/\/glueckssachen.de\/index.php\/wp-json\/wp\/v2\/media\/3125"}],"wp:attachment":[{"href":"https:\/\/glueckssachen.de\/index.php\/wp-json\/wp\/v2\/media?parent=3081"}],"wp:term":[{"taxonomy":"product_brand","embeddable":true,"href":"https:\/\/glueckssachen.de\/index.php\/wp-json\/wp\/v2\/product_brand?post=3081"},{"taxonomy":"product_cat","embeddable":true,"href":"https:\/\/glueckssachen.de\/index.php\/wp-json\/wp\/v2\/product_cat?post=3081"},{"taxonomy":"product_tag","embeddable":true,"href":"https:\/\/glueckssachen.de\/index.php\/wp-json\/wp\/v2\/product_tag?post=3081"}],"curies":[{"name":"wp","href":"https:\/\/api.w.org\/{rel}","templated":true}]}}