{"id":3000,"date":"2020-03-06T17:22:51","date_gmt":"2020-03-06T17:22:51","guid":{"rendered":"http:\/\/glueckssachen.de\/?post_type=product&#038;p=3000"},"modified":"2020-05-05T08:46:39","modified_gmt":"2020-05-05T08:46:39","slug":"lichthuellen-blueten-blaetter","status":"publish","type":"product","link":"https:\/\/glueckssachen.de\/index.php\/product\/lichthuellen-blueten-blaetter\/","title":{"rendered":"Lichth\u00fcllen \u201eBl\u00fcten und Bl\u00e4tter\u201c"},"content":{"rendered":"","protected":false},"excerpt":{"rendered":"<p>Familien-Sommerfest im Garten? Gem\u00fctliche Winterabende im Wohnzimmer?\u00a0Romantisches Abendessen? Hier kommt die richtige Beleuchtung!<\/p>\n<p>Mit den Lichth\u00fcllen\u00a0und ein paar hohen Gl\u00e4sern inkl. Teelichtern kann man die Stimmung im Handumdrehen verzaubern: Einfach die Papierb\u00f6gen mit den mitgelieferten Klebepunkten zu Rollen formen, \u00fcber die Gl\u00e4ser st\u00fclpen, Kerzen anmachen \u2013 fertig!<\/p>\n<p>Die Motive zeigen grafisch reduzierte Bl\u00fcten, Zweige und B\u00e4ume in\u00a0frischen und bunten Farbwelten.<\/p>\n<p>Das beigefarbene Munken-Papier l\u00e4sst das Kerzenlicht sanft durch die H\u00fcllen scheinen und schafft so eine sch\u00f6ne Atmosph\u00e4re. Gr\u00f6\u00dfe der H\u00fcllen \/ Papierb\u00f6gen: zwischen 296 x 196\u00a0mm und 256 x 156\u00a0mm.<\/p>\n","protected":false},"featured_media":3152,"template":"","meta":[],"product_brand":[],"product_cat":[15],"product_tag":[],"class_list":{"0":"post-3000","1":"product","2":"type-product","3":"status-publish","4":"has-post-thumbnail","6":"product_cat-produkte","8":"first","9":"instock","10":"taxable","11":"shipping-taxable","12":"purchasable","13":"product-type-simple"},"_links":{"self":[{"href":"https:\/\/glueckssachen.de\/index.php\/wp-json\/wp\/v2\/product\/3000","targetHints":{"allow":["GET"]}}],"collection":[{"href":"https:\/\/glueckssachen.de\/index.php\/wp-json\/wp\/v2\/product"}],"about":[{"href":"https:\/\/glueckssachen.de\/index.php\/wp-json\/wp\/v2\/types\/product"}],"wp:featuredmedia":[{"embeddable":true,"href":"https:\/\/glueckssachen.de\/index.php\/wp-json\/wp\/v2\/media\/3152"}],"wp:attachment":[{"href":"https:\/\/glueckssachen.de\/index.php\/wp-json\/wp\/v2\/media?parent=3000"}],"wp:term":[{"taxonomy":"product_brand","embeddable":true,"href":"https:\/\/glueckssachen.de\/index.php\/wp-json\/wp\/v2\/product_brand?post=3000"},{"taxonomy":"product_cat","embeddable":true,"href":"https:\/\/glueckssachen.de\/index.php\/wp-json\/wp\/v2\/product_cat?post=3000"},{"taxonomy":"product_tag","embeddable":true,"href":"https:\/\/glueckssachen.de\/index.php\/wp-json\/wp\/v2\/product_tag?post=3000"}],"curies":[{"name":"wp","href":"https:\/\/api.w.org\/{rel}","templated":true}]}}