{"id":2992,"date":"2020-04-20T17:00:42","date_gmt":"2020-04-20T17:00:42","guid":{"rendered":"http:\/\/glueckssachen.de\/?post_type=product&#038;p=2992"},"modified":"2021-04-16T19:47:26","modified_gmt":"2021-04-16T17:47:26","slug":"karten-kalender","status":"publish","type":"product","link":"https:\/\/glueckssachen.de\/index.php\/product\/karten-kalender\/","title":{"rendered":"Karten-Kalender"},"content":{"rendered":"","protected":false},"excerpt":{"rendered":"<p>\u2605 Preistr\u00e4ger bei der Internationalen Kalenderschau 2013<\/p>\n<p>Der Karten-Kalender ist ein Hingucker f\u00fcr Empfangsr\u00e4ume, B\u00fcros und das eigene Zuhause.\u00a0Er kann jeden Tag aktuell anzeigen oder auf ein besonderes Datum hinweisen. Durch seine reduzierte grafische Gestaltung und gleichzeitige Wandelbarkeit ist der Karten-Kalender ein idealer Schmuck f\u00fcr jeden Raum.<\/p>\n<p>Alle Karten zeigen unterschiedliche Schriftschnitte, so hat man jeden Tag eine neue sch\u00f6ne Typo-Kombination. Die Extra-Herz-Karte kann den Wochentag ersetzen.\u00a0So wird das Datum zu einem Festtag \u2026 f\u00fcr Geburtstage, Hochzeitstage oder einfach nur so :\u2013)<\/p>\n<p>Die dazu passenden N\u00e4gel sind inklusive.<\/p>\n<p>Set mit 31 Karten und 4 N\u00e4geln \/ Gr\u00f6\u00dfe der K\u00e4rtchen: 8 x 7, 8 x 4,5 und 8 x 9 cm.<\/p>\n","protected":false},"featured_media":3192,"template":"","meta":[],"product_brand":[],"product_cat":[15],"product_tag":[],"class_list":{"0":"post-2992","1":"product","2":"type-product","3":"status-publish","4":"has-post-thumbnail","6":"product_cat-produkte","8":"first","9":"instock","10":"taxable","11":"shipping-taxable","12":"purchasable","13":"product-type-simple"},"_links":{"self":[{"href":"https:\/\/glueckssachen.de\/index.php\/wp-json\/wp\/v2\/product\/2992","targetHints":{"allow":["GET"]}}],"collection":[{"href":"https:\/\/glueckssachen.de\/index.php\/wp-json\/wp\/v2\/product"}],"about":[{"href":"https:\/\/glueckssachen.de\/index.php\/wp-json\/wp\/v2\/types\/product"}],"wp:featuredmedia":[{"embeddable":true,"href":"https:\/\/glueckssachen.de\/index.php\/wp-json\/wp\/v2\/media\/3192"}],"wp:attachment":[{"href":"https:\/\/glueckssachen.de\/index.php\/wp-json\/wp\/v2\/media?parent=2992"}],"wp:term":[{"taxonomy":"product_brand","embeddable":true,"href":"https:\/\/glueckssachen.de\/index.php\/wp-json\/wp\/v2\/product_brand?post=2992"},{"taxonomy":"product_cat","embeddable":true,"href":"https:\/\/glueckssachen.de\/index.php\/wp-json\/wp\/v2\/product_cat?post=2992"},{"taxonomy":"product_tag","embeddable":true,"href":"https:\/\/glueckssachen.de\/index.php\/wp-json\/wp\/v2\/product_tag?post=2992"}],"curies":[{"name":"wp","href":"https:\/\/api.w.org\/{rel}","templated":true}]}}